{"id":1425,"date":"2023-11-09T15:24:32","date_gmt":"2023-11-09T21:24:32","guid":{"rendered":"https:\/\/filobobosmexico.com\/?page_id=1425"},"modified":"2023-11-22T22:28:59","modified_gmt":"2023-11-23T04:28:59","slug":"encanto-palmilla","status":"publish","type":"page","link":"https:\/\/filobobosmexico.com\/index.php\/encanto-palmilla\/","title":{"rendered":"Encanto Palmilla"},"content":{"rendered":"\n<div class=\"wp-block-stackable-columns alignfull stk-block-columns stk-block stk-3b6f42f\" data-block-id=\"3b6f42f\"><style>.stk-3b6f42f{margin-bottom:0px !important}<\/style><div class=\"stk-row stk-inner-blocks has-text-align-center stk-block-content stk-content-align stk-3b6f42f-column alignfull\">\n<div class=\"wp-block-stackable-column stk-block-column stk-column stk-block stk-5e2f141\" data-v=\"4\" data-block-id=\"5e2f141\"><div class=\"stk-column-wrapper stk-block-column__content stk-container stk-5e2f141-container stk--no-background stk--no-padding\"><div class=\"stk-block-content stk-inner-blocks stk-5e2f141-inner-blocks\">\n<div class=\"wp-block-stackable-heading stk-block-heading stk-block-heading--v2 stk-block stk-3c76a7c stk-block-background stk--has-background-overlay\" id=\"ruta-encanto-palmilla\" data-block-id=\"3c76a7c\"><style>.stk-3c76a7c{background-color:linear-gradient(0deg,rgb(255,255,255) 21%,rgb(29,255,29) 100%) !important}.stk-3c76a7c:before{background-image:linear-gradient(0deg,rgb(255,255,255) 21%,rgb(29,255,29) 100%) !important}<\/style><h2 class=\"stk-block-heading__text\">RUTA     ENCANTO   PALMILLA<\/h2><\/div>\n<\/div><\/div><\/div>\n<\/div><\/div>\n\n\n\n<div class=\"wp-block-stackable-spacer stk-block-spacer stk--no-padding stk-block stk-207686b\" data-block-id=\"207686b\"><style>.stk-207686b{height:0px !important}<\/style><\/div>\n\n\n\n<div class=\"wp-block-columns is-layout-flex wp-container-core-columns-is-layout-1 wp-block-columns-is-layout-flex\">\n<div class=\"wp-block-column is-layout-flow wp-block-column-is-layout-flow\" style=\"flex-basis:100%\">\n<div class=\"wp-block-stackable-columns alignfull stk-block-columns stk-block stk-2d84ead stk-block-background\" data-block-id=\"2d84ead\"><style>.stk-2d84ead{background-color:#1cff1c00 !important;margin-bottom:10px !important}.stk-2d84ead:before{background-color:#1cff1c00 !important}<\/style><div class=\"stk-row stk-inner-blocks stk-block-content stk-content-align stk-2d84ead-column alignfull\">\n<div class=\"wp-block-stackable-column stk-block-column stk-column stk-block stk-474a85a stk-block-background\" data-v=\"4\" data-block-id=\"474a85a\"><style>.stk-474a85a{align-self:center !important;background-color:#ebee4600 !important;align-items:center !important;max-width:1500px !important;margin-right:auto !important;margin-left:auto !important;display:flex !important}.stk-474a85a-inner-blocks{align-items:center !important}.stk-474a85a:before{background-color:#ebee4600 !important}<\/style><div class=\"stk-column-wrapper stk-block-column__content stk-container stk-474a85a-container stk--no-background stk--no-padding\"><div class=\"has-text-align-center stk--column-flex stk-block-content stk-inner-blocks stk-474a85a-inner-blocks\">\n<div class=\"wp-block-stackable-heading stk-block-heading stk-block-heading--v2 stk-block stk-3692de7 stk-block-background\" id=\"los-rapidos-en-filobobos-son-toda-una-aventura-desde-emocionantes-descensos-por-rapidos-desafiantes-hasta-la-belleza-de-la-selva-tropical-que-rodea-el-rio-cada-momento-es-inolvidable\" data-block-id=\"3692de7\"><style>.stk-3692de7{background-color:#1dff1d !important}.stk-3692de7:before{background-color:#1dff1d !important}.stk-3692de7 .stk-block-heading__text{font-size:24px !important;color:var(--theme-palette-color-1,#000907) !important;font-weight:bold !important;font-family:-apple-system,BlinkMacSystemFont,\"Segoe UI\",Roboto,Helvetica,Arial,sans-serif,\"Apple Color Emoji\",\"Segoe UI Emoji\",\"Segoe UI Symbol\" !important}@media screen and (max-width:1023px){.stk-3692de7 .stk-block-heading__text{font-size:18px !important}}@media screen and (max-width:767px){.stk-3692de7 .stk-block-heading__text{font-size:15px !important}}<\/style><h2 class=\"stk-block-heading__text has-text-color has-text-align-center\">Los r\u00e1pidos en Filobobos son toda una aventura. Desde emocionantes descensos por r\u00e1pidos desafiantes hasta la belleza de la selva tropical que rodea el r\u00edo, cada momento es inolvidable. <\/h2><\/div>\n<\/div><\/div><\/div>\n\n\n\n<div class=\"wp-block-stackable-column stk-block-column stk-column stk-block stk-5a691bc\" data-v=\"4\" data-block-id=\"5a691bc\"><div class=\"stk-column-wrapper stk-block-column__content stk-container stk-5a691bc-container stk--no-background stk--no-padding\"><div class=\"stk-block-content stk-inner-blocks stk-5a691bc-inner-blocks\">\n<figure class=\"wp-block-image size-large\"><img loading=\"lazy\" decoding=\"async\" width=\"1024\" height=\"576\" data-src=\"http:\/\/filobobosmexico.com\/wp-content\/uploads\/2023\/11\/ENC-PAL-1-1024x576.png\" alt=\"\" class=\"wp-image-1435 lazyload\" data-srcset=\"https:\/\/filobobosmexico.com\/wp-content\/uploads\/2023\/11\/ENC-PAL-1-1024x576.png 1024w, https:\/\/filobobosmexico.com\/wp-content\/uploads\/2023\/11\/ENC-PAL-1-300x169.png 300w, https:\/\/filobobosmexico.com\/wp-content\/uploads\/2023\/11\/ENC-PAL-1-768x432.png 768w, https:\/\/filobobosmexico.com\/wp-content\/uploads\/2023\/11\/ENC-PAL-1-1536x864.png 1536w, https:\/\/filobobosmexico.com\/wp-content\/uploads\/2023\/11\/ENC-PAL-1.png 1600w\" data-sizes=\"auto, (max-width: 1024px) 100vw, 1024px\" src=\"data:image\/gif;base64,R0lGODlhAQABAAAAACH5BAEKAAEALAAAAAABAAEAAAICTAEAOw==\" style=\"--smush-placeholder-width: 1024px; --smush-placeholder-aspect-ratio: 1024\/576;\" \/><noscript><img loading=\"lazy\" decoding=\"async\" width=\"1024\" height=\"576\" src=\"http:\/\/filobobosmexico.com\/wp-content\/uploads\/2023\/11\/ENC-PAL-1-1024x576.png\" alt=\"\" class=\"wp-image-1435\" srcset=\"https:\/\/filobobosmexico.com\/wp-content\/uploads\/2023\/11\/ENC-PAL-1-1024x576.png 1024w, https:\/\/filobobosmexico.com\/wp-content\/uploads\/2023\/11\/ENC-PAL-1-300x169.png 300w, https:\/\/filobobosmexico.com\/wp-content\/uploads\/2023\/11\/ENC-PAL-1-768x432.png 768w, https:\/\/filobobosmexico.com\/wp-content\/uploads\/2023\/11\/ENC-PAL-1-1536x864.png 1536w, https:\/\/filobobosmexico.com\/wp-content\/uploads\/2023\/11\/ENC-PAL-1.png 1600w\" sizes=\"auto, (max-width: 1024px) 100vw, 1024px\" \/><\/noscript><\/figure>\n<\/div><\/div><\/div>\n<\/div><\/div>\n<\/div>\n<\/div>\n\n\n\n<div class=\"wp-block-stackable-columns stk-block-columns stk-block stk-f472084 stk-block-background\" data-block-id=\"f472084\"><style>.stk-f472084{background-color:#1cff1c00 !important;margin-bottom:11px !important}.stk-f472084:before{background-color:#1cff1c00 !important}<\/style><div class=\"stk-row stk-inner-blocks stk-block-content stk-content-align stk-f472084-column\">\n<div class=\"wp-block-stackable-column stk-block-column stk-column stk-block stk-8283792\" data-v=\"4\" data-block-id=\"8283792\"><style>.stk-8283792{align-self:center !important}<\/style><div class=\"stk-column-wrapper stk-block-column__content stk-container stk-8283792-container stk--no-background stk--no-padding\"><div class=\"has-text-align-center stk-block-content stk-inner-blocks stk-8283792-inner-blocks\">\n<div class=\"wp-block-stackable-heading aligncenter stk-block-heading stk-block-heading--v2 stk-block stk-f744d54 stk-block-background\" id=\"la-cascada-del-encanto-es-tu-invitacion-a-la-aventura-y-la-paz-interior-sumergete-en-las-cristalinas-aguas-de-la-cascada-rodeadas-de-rocas-y-formaciones-geologicas-unicas\" data-block-id=\"f744d54\"><style>.stk-f744d54{background-color:#1dff1d !important;align-items:center !important;display:flex !important}.stk-f744d54:before{background-color:#1dff1d !important}.stk-f744d54 .stk-block-heading__text{font-size:24px !important;font-weight:bold !important;font-family:-apple-system,BlinkMacSystemFont,\"Segoe UI\",Roboto,Helvetica,Arial,sans-serif,\"Apple Color Emoji\",\"Segoe UI Emoji\",\"Segoe UI Symbol\" !important}@media screen and (max-width:1023px){.stk-f744d54 .stk-block-heading__text{font-size:20px !important}}@media screen and (max-width:767px){.stk-f744d54 .stk-block-heading__text{font-size:15px !important}}<\/style><h2 class=\"stk-block-heading__text has-text-align-center\">La duraci\u00f3n var\u00eda, pero generalmente estamos hablando de 2 a 3 horas. Suficiente tiempo para sumergirse en la emoci\u00f3n de los r\u00e1pidos y disfrutar de la belleza natural que Filobobos tiene para ofrecer<\/h2><\/div>\n<\/div><\/div><\/div>\n\n\n\n<div class=\"wp-block-stackable-column stk-block-column stk-column stk-block stk-cb0b03a\" data-v=\"4\" data-block-id=\"cb0b03a\"><div class=\"stk-column-wrapper stk-block-column__content stk-container stk-cb0b03a-container stk--no-background stk--no-padding\"><div class=\"stk-block-content stk-inner-blocks stk-cb0b03a-inner-blocks\">\n<figure class=\"wp-block-image size-large\"><img loading=\"lazy\" decoding=\"async\" width=\"1024\" height=\"554\" data-src=\"http:\/\/filobobosmexico.com\/wp-content\/uploads\/2023\/11\/ENC-PAL-2-e1699566410811-1024x554.png\" alt=\"\" class=\"wp-image-1430 lazyload\" style=\"--smush-placeholder-width: 1024px; --smush-placeholder-aspect-ratio: 1024\/554;aspect-ratio:4\/3;object-fit:cover\" data-srcset=\"https:\/\/filobobosmexico.com\/wp-content\/uploads\/2023\/11\/ENC-PAL-2-e1699566410811-1024x554.png 1024w, https:\/\/filobobosmexico.com\/wp-content\/uploads\/2023\/11\/ENC-PAL-2-e1699566410811-300x162.png 300w, https:\/\/filobobosmexico.com\/wp-content\/uploads\/2023\/11\/ENC-PAL-2-e1699566410811-768x415.png 768w, https:\/\/filobobosmexico.com\/wp-content\/uploads\/2023\/11\/ENC-PAL-2-e1699566410811.png 1509w\" data-sizes=\"auto, (max-width: 1024px) 100vw, 1024px\" src=\"data:image\/gif;base64,R0lGODlhAQABAAAAACH5BAEKAAEALAAAAAABAAEAAAICTAEAOw==\" \/><noscript><img loading=\"lazy\" decoding=\"async\" width=\"1024\" height=\"554\" src=\"http:\/\/filobobosmexico.com\/wp-content\/uploads\/2023\/11\/ENC-PAL-2-e1699566410811-1024x554.png\" alt=\"\" class=\"wp-image-1430\" style=\"aspect-ratio:4\/3;object-fit:cover\" srcset=\"https:\/\/filobobosmexico.com\/wp-content\/uploads\/2023\/11\/ENC-PAL-2-e1699566410811-1024x554.png 1024w, https:\/\/filobobosmexico.com\/wp-content\/uploads\/2023\/11\/ENC-PAL-2-e1699566410811-300x162.png 300w, https:\/\/filobobosmexico.com\/wp-content\/uploads\/2023\/11\/ENC-PAL-2-e1699566410811-768x415.png 768w, https:\/\/filobobosmexico.com\/wp-content\/uploads\/2023\/11\/ENC-PAL-2-e1699566410811.png 1509w\" sizes=\"auto, (max-width: 1024px) 100vw, 1024px\" \/><\/noscript><\/figure>\n<\/div><\/div><\/div>\n<\/div><\/div>\n\n\n\n<div class=\"wp-block-stackable-columns stk-block-columns stk-block stk-a0e669b stk-block-background\" data-block-id=\"a0e669b\"><style>.stk-a0e669b{background-color:#1cff1c00 !important;margin-bottom:15px !important}.stk-a0e669b:before{background-color:#1cff1c00 !important}<\/style><div class=\"stk-row stk-inner-blocks stk-block-content stk-content-align stk-a0e669b-column\">\n<div class=\"wp-block-stackable-column stk-block-column stk-column stk-block stk-e6f02ee\" data-v=\"4\" data-block-id=\"e6f02ee\"><style>.stk-e6f02ee{align-self:center !important}<\/style><div class=\"stk-column-wrapper stk-block-column__content stk-container stk-e6f02ee-container stk--no-background stk--no-padding\"><div class=\"has-text-align-center stk-block-content stk-inner-blocks stk-e6f02ee-inner-blocks\">\n<div class=\"wp-block-stackable-heading stk-block-heading stk-block-heading--v2 stk-block stk-2ed666f stk-block-background\" id=\"la-naturaleza-te-llama-la-adrenalina-te-espera-no-pierdas-la-oportunidad\" data-block-id=\"2ed666f\"><style>.stk-2ed666f{background-color:#00000030 !important}.stk-2ed666f:before{background-color:#00000030 !important}.stk-2ed666f .stk-block-heading__text{font-size:26px !important;font-weight:bold !important;font-family:-apple-system,BlinkMacSystemFont,\"Segoe UI\",Roboto,Helvetica,Arial,sans-serif,\"Apple Color Emoji\",\"Segoe UI Emoji\",\"Segoe UI Symbol\" !important}@media screen and (max-width:1023px){.stk-2ed666f{margin-bottom:4px !important}.stk-2ed666f .stk-block-heading__text{font-size:23px !important}}@media screen and (max-width:767px){.stk-2ed666f .stk-block-heading__text{font-size:15px !important}}<\/style><h2 class=\"stk-block-heading__text has-text-align-center\">\u00a1La naturaleza te llama, la adrenalina te espera! No pierdas la oportunidad.<\/h2><\/div>\n\n\n\n<div class=\"wp-block-stackable-heading stk-block-heading stk-block-heading--v2 stk-block stk-31ba00c stk-block-background\" id=\"reserva-ahora-y-comienza-tu-viaje-hacia-una-experiencia-unica-de-turismo-de-aventura\" data-block-id=\"31ba00c\"><style>.stk-31ba00c{background-color:#fff316 !important}.stk-31ba00c:before{background-color:#fff316 !important}.stk-31ba00c .stk-block-heading__text{font-size:26px !important;font-weight:bold !important;font-family:-apple-system,BlinkMacSystemFont,\"Segoe UI\",Roboto,Helvetica,Arial,sans-serif,\"Apple Color Emoji\",\"Segoe UI Emoji\",\"Segoe UI Symbol\" !important}@media screen and (max-width:1023px){.stk-31ba00c{margin-bottom:10px !important}.stk-31ba00c .stk-block-heading__text{font-size:23px !important}}@media screen and (max-width:767px){.stk-31ba00c .stk-block-heading__text{font-size:15px !important}}<\/style><h2 class=\"stk-block-heading__text has-text-align-center\">\u00a1Reserva ahora y comienza tu viaje hacia una experiencia \u00fanica de turismo de aventura!<\/h2><\/div>\n\n\n\n<div class=\"wp-block-buttons alignwide is-content-justification-center is-layout-flex wp-container-core-buttons-is-layout-1 wp-block-buttons-is-layout-flex\">\n<div class=\"wp-block-button\"><a class=\"wp-block-button__link has-text-align-center wp-element-button\" href=\"https:\/\/filobobosmexico.com\/index.php\/contact\/\">Informes y Reservaciones<\/a><\/div>\n\n\n\n<div class=\"wp-block-button\"><a class=\"wp-block-button__link wp-element-button\" href=\"https:\/\/filobobosmexico.com\/index.php\/contact-clon\/\">MAS RUTAS<\/a><\/div>\n<\/div>\n<\/div><\/div><\/div>\n\n\n\n<div class=\"wp-block-stackable-column stk-block-column stk-column stk-block stk-cf2e789 stk-block-background\" data-v=\"4\" data-block-id=\"cf2e789\"><style>.stk-cf2e789{background-color:#1dff1d !important}.stk-cf2e789:before{background-color:#1dff1d !important}<\/style><div class=\"stk-column-wrapper stk-block-column__content stk-container stk-cf2e789-container stk--no-background stk--no-padding\"><div class=\"stk-block-content stk-inner-blocks stk-cf2e789-inner-blocks\">\n<figure class=\"wp-block-image size-large\"><img loading=\"lazy\" decoding=\"async\" width=\"1024\" height=\"606\" data-src=\"http:\/\/filobobosmexico.com\/wp-content\/uploads\/2023\/11\/ENC-PAL-5-e1699566848547-1024x606.png\" alt=\"\" class=\"wp-image-1436 lazyload\" style=\"--smush-placeholder-width: 1024px; --smush-placeholder-aspect-ratio: 1024\/606;aspect-ratio:4\/3;object-fit:cover\" data-srcset=\"https:\/\/filobobosmexico.com\/wp-content\/uploads\/2023\/11\/ENC-PAL-5-e1699566848547-1024x606.png 1024w, https:\/\/filobobosmexico.com\/wp-content\/uploads\/2023\/11\/ENC-PAL-5-e1699566848547-300x178.png 300w, https:\/\/filobobosmexico.com\/wp-content\/uploads\/2023\/11\/ENC-PAL-5-e1699566848547-768x455.png 768w, https:\/\/filobobosmexico.com\/wp-content\/uploads\/2023\/11\/ENC-PAL-5-e1699566848547.png 1520w\" data-sizes=\"auto, (max-width: 1024px) 100vw, 1024px\" src=\"data:image\/gif;base64,R0lGODlhAQABAAAAACH5BAEKAAEALAAAAAABAAEAAAICTAEAOw==\" \/><noscript><img loading=\"lazy\" decoding=\"async\" width=\"1024\" height=\"606\" src=\"http:\/\/filobobosmexico.com\/wp-content\/uploads\/2023\/11\/ENC-PAL-5-e1699566848547-1024x606.png\" alt=\"\" class=\"wp-image-1436\" style=\"aspect-ratio:4\/3;object-fit:cover\" srcset=\"https:\/\/filobobosmexico.com\/wp-content\/uploads\/2023\/11\/ENC-PAL-5-e1699566848547-1024x606.png 1024w, https:\/\/filobobosmexico.com\/wp-content\/uploads\/2023\/11\/ENC-PAL-5-e1699566848547-300x178.png 300w, https:\/\/filobobosmexico.com\/wp-content\/uploads\/2023\/11\/ENC-PAL-5-e1699566848547-768x455.png 768w, https:\/\/filobobosmexico.com\/wp-content\/uploads\/2023\/11\/ENC-PAL-5-e1699566848547.png 1520w\" sizes=\"auto, (max-width: 1024px) 100vw, 1024px\" \/><\/noscript><\/figure>\n<\/div><\/div><\/div>\n<\/div><\/div>\n\n\n\n<div class=\"wp-block-stackable-columns stk-block-columns stk-block stk-1ee16b5\" data-block-id=\"1ee16b5\"><div class=\"stk-row stk-inner-blocks stk-block-content stk-content-align stk-1ee16b5-column\">\n<div class=\"wp-block-stackable-column stk-block-column stk-column stk-block stk-ddbbc66\" data-v=\"4\" data-block-id=\"ddbbc66\"><div class=\"stk-column-wrapper stk-block-column__content stk-container stk-ddbbc66-container stk--no-background stk--no-padding\"><div class=\"stk-block-content stk-inner-blocks stk-ddbbc66-inner-blocks\"><\/div><\/div><\/div>\n<\/div><\/div>\n","protected":false},"excerpt":{"rendered":"<p>RUTA ENCANTO PALMILLA Los r\u00e1pidos en Filobobos son toda una aventura. Desde emocionantes descensos por r\u00e1pidos desafiantes hasta la belleza de la selva tropical que rodea el r\u00edo, cada momento es inolvidable. La duraci\u00f3n var\u00eda, pero generalmente estamos hablando de 2 a 3 horas. Suficiente tiempo para sumergirse en la emoci\u00f3n de los r\u00e1pidos y [&hellip;]<\/p>\n","protected":false},"author":1,"featured_media":0,"parent":0,"menu_order":0,"comment_status":"closed","ping_status":"closed","template":"","meta":{"footnotes":""},"class_list":["post-1425","page","type-page","status-publish","hentry"],"blocksy_meta":{"page_title_panel":"","has_hero_section":"disabled","ad325afbbb787ae7bf99ddf317024bd4":"","hero_section":"type-1","hero_elements":[{"id":"custom_title","enabled":true,"heading_tag":"h1","title":"Home"},{"id":"custom_description","enabled":true,"description_visibility":{"desktop":true,"tablet":true,"mobile":false}},{"id":"custom_meta","enabled":false,"meta_elements":[{"id":"author","enabled":true,"label":"By","has_author_avatar":"yes","avatar_size":25},{"id":"post_date","enabled":true,"label":"On","date_format_source":"default","date_format":"M j, Y"},{"id":"updated_date","enabled":false,"label":"On","date_format_source":"default","date_format":"M j, Y"},{"id":"categories","enabled":false,"label":"In","style":"simple"},{"id":"comments","enabled":true}],"page_meta_elements":{"joined":true,"articles_count":true,"comments":true}},{"id":"breadcrumbs","enabled":false}],"54c8ca3814d29b28b0c1ac8150b2e42a":"","hero_alignment1":"CT_CSS_SKIP_RULE","hero_margin":40,"hero_alignment2":"center","hero_vertical_alignment":"center","c595936b744da3de4c4f7a667f390c24":"","hero_structure":"narrow","a2b35d92272003fc7b6d404bbfd83b26":"","page_title_bg_type":"featured_image","custom_hero_background":{"attachment_id":null},"parallax":{"desktop":false,"tablet":false,"mobile":false},"cd2fa6ec3f8f5e7167d75079debcf8d0":"","hero_height":"250px","pageTitleFont":{"family":"Default","variation":"Default","size":"30px","line-height":"CT_CSS_SKIP_RULE","letter-spacing":"CT_CSS_SKIP_RULE","text-transform":"CT_CSS_SKIP_RULE","text-decoration":"CT_CSS_SKIP_RULE"},"pageTitleFontColor":{"default":{"color":"CT_CSS_SKIP_RULEDEFAULT"}},"pageMetaFont":{"family":"Default","variation":"n6","size":"12px","line-height":"1.3","letter-spacing":"CT_CSS_SKIP_RULE","text-transform":"uppercase","text-decoration":"CT_CSS_SKIP_RULE"},"pageMetaFontColor":{"default":{"color":"CT_CSS_SKIP_RULEDEFAULT"},"hover":{"color":"CT_CSS_SKIP_RULEDEFAULT"}},"page_meta_button_type_font_colors":{"default":{"color":"CT_CSS_SKIP_RULEDEFAULT"},"hover":{"color":"CT_CSS_SKIP_RULEDEFAULT"}},"page_meta_button_type_background_colors":{"default":{"color":"CT_CSS_SKIP_RULEDEFAULT"},"hover":{"color":"CT_CSS_SKIP_RULEDEFAULT"}},"pageExcerptFont":{"family":"Default","variation":"Default","size":"CT_CSS_SKIP_RULE","line-height":"CT_CSS_SKIP_RULE","letter-spacing":"CT_CSS_SKIP_RULE","text-transform":"CT_CSS_SKIP_RULE","text-decoration":"CT_CSS_SKIP_RULE"},"pageExcerptColor":{"default":{"color":"CT_CSS_SKIP_RULEDEFAULT"}},"breadcrumbsFont":{"family":"Default","variation":"Default","size":"CT_CSS_SKIP_RULE","line-height":"CT_CSS_SKIP_RULE","letter-spacing":"CT_CSS_SKIP_RULE","text-transform":"CT_CSS_SKIP_RULE","text-decoration":"CT_CSS_SKIP_RULE"},"breadcrumbsFontColor":{"default":{"color":"CT_CSS_SKIP_RULEDEFAULT"},"initial":{"color":"CT_CSS_SKIP_RULEDEFAULT"},"hover":{"color":"CT_CSS_SKIP_RULEDEFAULT"}},"pageTitleOverlay":{"background_type":"color","background_pattern":"type-1","background_image":{"attachment_id":null,"x":0,"y":0},"gradient":"linear-gradient(135deg,rgba(6,147,227,1) 0%,rgb(155,81,224) 100%)","background_repeat":"repeat","background_size":"auto","background_attachment":"scroll","patternColor":{"default":{"color":"#e5e7ea"}},"overlayColor":{"default":{"color":"CT_CSS_SKIP_RULE"}},"backgroundColor":{"default":{"color":"CT_CSS_SKIP_RULE"}}},"pageTitleBackground":{"background_type":"color","background_pattern":"type-1","background_image":{"attachment_id":null,"x":0,"y":0},"gradient":"linear-gradient(135deg,rgba(6,147,227,1) 0%,rgb(155,81,224) 100%)","background_repeat":"repeat","background_size":"auto","background_attachment":"scroll","patternColor":{"default":{"color":"#e5e7ea"}},"overlayColor":{"default":{"color":"CT_CSS_SKIP_RULE"}},"backgroundColor":{"default":{"color":"var(--theme-palette-color-6)"}}},"pageTitlePadding":{"top":"50px","bottom":"50px","left":"auto","right":"auto","linked":true},"4e644f0df3dc2bd54a2fd9c5f4811b02":"","page_structure_type":"default","8567a3a04c64060be6cb8429ab0da8d2":"","content_style_source":"inherit","content_style":"wide","vertical_spacing_source":"custom","content_area_spacing":"none","background":{"background_type":"color","background_pattern":"type-1","background_image":{"attachment_id":null,"x":0,"y":0},"gradient":"linear-gradient(135deg,rgba(6,147,227,1) 0%,rgb(155,81,224) 100%)","background_repeat":"repeat","background_size":"auto","background_attachment":"scroll","patternColor":{"default":{"color":"#e5e7ea"}},"overlayColor":{"default":{"color":"CT_CSS_SKIP_RULE"}},"backgroundColor":{"default":{"color":"CT_CSS_SKIP_RULE"}}},"content_background":{"background_type":"color","background_pattern":"type-1","background_image":{"attachment_id":null,"x":0,"y":0},"gradient":"linear-gradient(135deg,rgba(6,147,227,1) 0%,rgb(155,81,224) 100%)","background_repeat":"repeat","background_size":"auto","background_attachment":"scroll","patternColor":{"default":{"color":"#e5e7ea"}},"overlayColor":{"default":{"color":"CT_CSS_SKIP_RULE"}},"backgroundColor":{"default":{"color":"var(--theme-palette-color-8)"}}},"content_boxed_shadow":{"inherit":false,"blur":18,"spread":-6,"v_offset":12,"h_offset":0,"inset":false,"enable":true,"color":{"color":"rgba(34, 56, 101, 0.04)"}},"boxed_content_spacing":{"desktop":{"top":"40px","bottom":"40px","left":"40px","right":"40px","linked":true},"tablet":{"top":"35px","bottom":"35px","left":"35px","right":"35px","linked":true},"mobile":{"top":"20px","bottom":"20px","left":"20px","right":"20px","linked":true}},"content_boxed_radius":{"top":"3px","bottom":"3px","left":"3px","right":"3px","linked":true},"667936e8a6950c9590e92cff7730eecd":"","disable_featured_image":"no","disable_share_box":"no","disable_header":"no","disable_footer":"no","styles_descriptor":{"styles":{"desktop":"","tablet":"","mobile":""},"google_fonts":[],"version":6}},"_links":{"self":[{"href":"https:\/\/filobobosmexico.com\/index.php\/wp-json\/wp\/v2\/pages\/1425","targetHints":{"allow":["GET"]}}],"collection":[{"href":"https:\/\/filobobosmexico.com\/index.php\/wp-json\/wp\/v2\/pages"}],"about":[{"href":"https:\/\/filobobosmexico.com\/index.php\/wp-json\/wp\/v2\/types\/page"}],"author":[{"embeddable":true,"href":"https:\/\/filobobosmexico.com\/index.php\/wp-json\/wp\/v2\/users\/1"}],"replies":[{"embeddable":true,"href":"https:\/\/filobobosmexico.com\/index.php\/wp-json\/wp\/v2\/comments?post=1425"}],"version-history":[{"count":3,"href":"https:\/\/filobobosmexico.com\/index.php\/wp-json\/wp\/v2\/pages\/1425\/revisions"}],"predecessor-version":[{"id":1711,"href":"https:\/\/filobobosmexico.com\/index.php\/wp-json\/wp\/v2\/pages\/1425\/revisions\/1711"}],"wp:attachment":[{"href":"https:\/\/filobobosmexico.com\/index.php\/wp-json\/wp\/v2\/media?parent=1425"}],"curies":[{"name":"wp","href":"https:\/\/api.w.org\/{rel}","templated":true}]}}